{"id":85,"date":"2025-12-30T21:55:38","date_gmt":"2025-12-30T20:55:38","guid":{"rendered":"https:\/\/sz.nadir.org\/?page_id=85"},"modified":"2026-01-05T19:13:24","modified_gmt":"2026-01-05T18:13:24","slug":"unsere-chronik-in-zahlen","status":"publish","type":"page","link":"https:\/\/sz.nadir.org\/index.php\/unsere-chronik-in-zahlen\/","title":{"rendered":"Unsere Chronik in Zahlen"},"content":{"rendered":"\n<p><br><strong>Nov. 1992<\/strong> <br>Besetzung, R\u00e4umung und Abriss Alte Dorfstra\u00dfe 30. Die Besetzung begann am 13.11.1992 und dauerte 6 Tage.<\/p>\n\n\n\n<p><strong>Jan.\/ Feb. 1993<\/strong> <br>Forderung nach einem sozialen Zentrum vor dem Jugendhilfeausschuss<\/p>\n\n\n\n<p><strong>Juni 1993<\/strong> <br>Die befristete Besetzung in der Bahnhofstr. 57 lief vom 11. bis zum 12.6.1993. Forderung nach einem sozialen Zentrum fu\u0308r Norderstedt.<\/p>\n\n\n\n<p><strong>Juli 1993<\/strong> <br>H\u00e4userplenum legt Nutzungskonzept fu\u0308r ein soziales Zentrum Norderstedt<br>vor. Forderung: \u201eSoziales Zentrum Norderstedt durchsetzen!\u201c<\/p>\n\n\n\n<p><strong>Sept. 1994<\/strong> <br>Planungsausschuss stimmt gegen die Stimmen der CDU fu\u0308r ein soziales<br>Zentrum. Objekt: Ulzburger Stra\u00dfe 6. H\u00e4userplenum als Akteur.<\/p>\n\n\n\n<p><strong>Juli 1995<\/strong> <br>Flugschrift des H\u00e4userplenums: SPD verhindert Bezug der Ulzburger Stra\u00dfe<br>6 durch Auflagen.<\/p>\n\n\n\n<p><strong>Aug. 1995<\/strong> <br>Start des Sozialen Zentrums in der Ulzburger Str. 6a, das mit der Besetzung<br>am Morgen des 25.8.1995 begann.<\/p>\n\n\n\n<p><strong>Sommer 1995<\/strong> <br>Gru\u0308ndung Soziales Zentrum e.V. Norderstedt<\/p>\n\n\n\n<p><strong>Ende Aug. 2000<\/strong> <br>Auslaufen des fu\u0308nfj\u00e4hrigen Nutzungsvertrages. Erneute Besetzung der Ulzburger Stra\u00dfe 6. Forderung u.a.: Mietvertrag statt Nutzungsvertrag. Wohnrecht im Vorderhaus. Lange Vertragsdauer. Letztlich wird ein weiterer Fu\u0308nf-Jahres-Nutzungsvertrages zwischen dem Soziales Zentrum e.V. und der Stadt Norderstedt abgeschlossen.<\/p>\n\n\n\n<p><strong>Sept. 2003<\/strong> <br>Geburtstagsparty: 8 Jahre Soziales Zentrum Norderstedt<\/p>\n\n\n\n<p><strong>April 2004 <\/strong><br>TOP auf der VV: Vertragsverhandlungen und \u00d6ffentlichkeitsarbeit<\/p>\n\n\n\n<p><strong>2005<\/strong> <br>Er\u00f6ffnung der Galerie. Veranstaltung des 1. Antira-Fu\u00dfballturnieres. Auslaufen des Nutzungsvertrages Ende August. Demo fu\u0308r den Erhalt im September. Abriss-Demo Ende Dezember.<\/p>\n\n\n\n<p><strong>30.12.2005<\/strong><br>Abriss und R\u00e4umung<\/p>\n\n\n\n<p><strong>2006<\/strong> <br>Rathausklausen im Januar. Qutdoor-Kino auf dem Parkplatz im April. Soli-Konzert im Linken Laden, Hamburg im August.<\/p>\n\n\n\n<p><strong>2007<\/strong> <br>Alternatives Kino im Spectrum Kino. Antira-Fu\u00dfballturnier. Kundgebung und Konzert auf dem ehemaligen SZ-Gel\u00e4nde im Dezember<\/p>\n\n\n\n<p><strong>2008<\/strong> <br>Exil-Klause im Linken Laden. Alternatives Kino. Konzerte im Linken Laden und in der Vicelin-Shalom-Kirche. Erstellung eines Konzeptes fu\u0308r ein neues Soziales Zentrum Norderstedt im Oktober 2008. \u00d6ffentliche Vorstellung im Dezember 2008.<\/p>\n\n\n\n<p><strong>2009<\/strong> <br>Verhandlungen mit der Stadt u\u0308ber ein neues Soziales Zentrum in Norderstedt.<br>Option an der Stettiner Stra\u00dfe\/ Friedrichsgaber Weg scheitert. Alternatives Kino. Antira-Fu\u00dfballturnier. Ende des Jahres Bezug des neuen Zentrums <em>In de Tarpen 8<\/em> inkl. Wohnprojekt. <br>SZ wird anerkannter Kulturtr\u00e4ger der Stadt Norderstedt.<\/p>\n\n\n\n<p><strong>2010<\/strong> <br>Aufbau des neuen Zentrums. Alternatives Kino, erste Kellercore-Konzerte. Osterbiersuche im Willy-Brandt-Park<\/p>\n\n\n\n<p><strong>2011<\/strong> <br>Abriss des Hinterhauses im M\u00e4rz. FOC-Konzerte. Aufstellung der Container im September. Legen der Zuwegungen im Oktober. erste Irish Punk Bar im Oktober.<\/p>\n\n\n\n<p><strong>2012<\/strong> <br>Ausstellung Neofaschismus Ende Mai im Rathaus. <br>Verschiedene Themen-Kneipen. Regelm\u00e4\u00dfige Konzerte im Container. Dachisolierung (Giebeldach) im September. Erstes Klamottencafe im Dezember.<\/p>\n\n\n\n<p><strong>2013<\/strong> <br>Blueskneipe wird aktiviert, Themenkneipen, Sommerfest, Klamottencafe, Containerd\u00e4mmung (Au\u00dfenw\u00e4nde) im September.<\/p>\n\n\n\n<p><strong>2014<\/strong> <br>Erste Teilnahme im Februar bei \u201eBu\u0308hne frei\u201c (Norderstedter Kulturtr\u00e4ger).<\/p>\n\n\n\n<p><strong>2015<\/strong> <br>Zusammenstellung \u201eMaterialien zum Selbstverst\u00e4ndnis Soziales Zentrum e.V. Norderstedt\u201c. Ende Mai ganzseitiger Artikel zum SZ im Hamburger Abendblatt. 10 Jahre FOC. Sommerfest wird auf zwei Tage erweitert. <\/p>\n\n\n\n<p><strong>2017<\/strong> <br>Neue Konzertgruppe etabliert sich. Arbeit an einem Awareness-Konzept.<\/p>\n\n\n\n<p><strong>2018<\/strong> <br>Open Hair-Festival. Osterspektakel wird gr\u00f6\u00dfer. <br>Erstellung der Leitlinien zum Umgang mit Sexismus im SZ Norderstedt.<\/p>\n\n\n\n<p><strong>2019<\/strong> <br>Konzerte. Osterspektakel. Im Dezember Erstellung eines Wohnkonzeptes fu\u0308r das SZ Norderstedt.<\/p>\n\n\n\n<p><strong>2020<\/strong> <br>Corona-Pandemie. Erstellung eines neuen Untermietvertrages fu\u0308r Bewohner*innen. Portrait-Artikel im Hamburger Abendblatt zu 50 Jahre Norderstedt.<\/p>\n\n\n\n<p><strong>2021<\/strong> <br>Bau der Au\u00dfenbu\u0308hne. Die AfD scheitert mit dem Versuch gegen das SZ Norderstedt vorzugehen an der Ru\u0308ckendeckung durch die anderen Fraktionen. Artikel im Hamburger Abendblatt: \u201eAu\u00dfer der AfD hat keine Partei ein Problem mit dem Zentrum\u201c.<\/p>\n\n\n\n<p><strong>2022<\/strong> <br>Kundgebung \u201eSolidarit\u00e4t statt Schwurbel\u201c. Organisatoion einer gro\u00dfen Friedensdemo auf dem Rathausmarkt, zusammen mit dem B\u00fcndnis &#8222;Norderstedt ist Weltoffen&#8220;<br>Beitritt zur H\u00e4uservernetzung. <\/p>\n\n\n\n<p><strong>2023<\/strong> <br>Zentren-Rallye im Oktober. Info-Veranstaltungen mit der Roten Hilfe und der Letzten Genration.<\/p>\n\n\n\n<p><strong>2025<\/strong> <br>Jubil\u00e4um: 30 Jahre Soziales Zentrum e.V. Norderstedt. Besondereres Programm beim Sommerfest. Ver\u00f6ffentlichung des Jubil\u00e4ums-&#8222;FanSZine&#8220;. <br>\u00dcberarbeitung des Wohnkonzeptes.<\/p>\n","protected":false},"excerpt":{"rendered":"<p>Nov. 1992 Besetzung, R\u00e4umung und Abriss Alte Dorfstra\u00dfe 30. Die Besetzung begann am 13.11.1992 und dauerte 6 Tage. Jan.\/ Feb. 1993 Forderung nach einem sozialen [&hellip;]<\/p>\n","protected":false},"author":1,"featured_media":0,"parent":0,"menu_order":0,"comment_status":"closed","ping_status":"closed","template":"","meta":{"footnotes":""},"class_list":["post-85","page","type-page","status-publish","hentry"],"_links":{"self":[{"href":"https:\/\/sz.nadir.org\/index.php\/wp-json\/wp\/v2\/pages\/85"}],"collection":[{"href":"https:\/\/sz.nadir.org\/index.php\/wp-json\/wp\/v2\/pages"}],"about":[{"href":"https:\/\/sz.nadir.org\/index.php\/wp-json\/wp\/v2\/types\/page"}],"author":[{"embeddable":true,"href":"https:\/\/sz.nadir.org\/index.php\/wp-json\/wp\/v2\/users\/1"}],"replies":[{"embeddable":true,"href":"https:\/\/sz.nadir.org\/index.php\/wp-json\/wp\/v2\/comments?post=85"}],"version-history":[{"count":2,"href":"https:\/\/sz.nadir.org\/index.php\/wp-json\/wp\/v2\/pages\/85\/revisions"}],"predecessor-version":[{"id":87,"href":"https:\/\/sz.nadir.org\/index.php\/wp-json\/wp\/v2\/pages\/85\/revisions\/87"}],"wp:attachment":[{"href":"https:\/\/sz.nadir.org\/index.php\/wp-json\/wp\/v2\/media?parent=85"}],"curies":[{"name":"wp","href":"https:\/\/api.w.org\/{rel}","templated":true}]}}